{"id":5035,"date":"2020-04-25T16:57:46","date_gmt":"2020-04-25T16:57:46","guid":{"rendered":"http:\/\/grundschule-loppersum.de\/?page_id=5035"},"modified":"2024-08-20T13:53:44","modified_gmt":"2024-08-20T13:53:44","slug":"ueber-uns","status":"publish","type":"page","link":"https:\/\/grundschule-loppersum.de\/?page_id=5035","title":{"rendered":"Schule erleben"},"content":{"rendered":"<div id='layer_slider_1'  class='avia-layerslider main_color avia-shadow  avia-builder-el-0  el_before_av_one_full  avia-builder-el-first  container_wrap fullsize' style='  height: 251px; max-width: 1280px; margin: 0 auto;' ><\/div><div id='after_layer_slider_1'  class='main_color av_default_container_wrap container_wrap fullsize' style=' '  ><div class='container' ><div class='template-page content  av-content-full alpha units'><div class='post-entry post-entry-type-page post-entry-5035'><div class='entry-content-wrapper clearfix'>\n<div class=\"flex_column av_one_full  av-animated-generic pop-up  flex_column_div av-zero-column-padding first  avia-builder-el-1  el_after_av_layerslider  el_before_av_one_full  avia-builder-el-first  \" style='border-radius:0px; ' id=\"ueberuns\" ><div  style='padding-bottom:10px; font-size:3vw;' class='av-special-heading av-special-heading-h1 meta-heading blockquote elegant-quote elegant-centered  avia-builder-el-2  avia-builder-el-no-sibling  av-inherit-size '><h1 class='av-special-heading-tag  av-medium-font-size-overwrite av-medium-font-size-25 av-small-font-size-overwrite av-small-font-size-25 av-mini-font-size-overwrite av-mini-font-size-25'  itemprop=\"headline\"  ><span class=\"heading-wrap\">\u00dcber Uns<\/span><\/h1><div class='special-heading-border'><div class='special-heading-inner-border' ><\/div><\/div><\/div><\/div>\n<div class=\"flex_column av_one_full  av-animated-generic fade-in  flex_column_div av-zero-column-padding first  avia-builder-el-3  el_after_av_one_full  el_before_av_one_half  column-top-margin\" style='border-radius:0px; '><section class=\"av_textblock_section \"  itemscope=\"itemscope\" itemtype=\"https:\/\/schema.org\/CreativeWork\" ><div class='avia_textblock  '   itemprop=\"text\" ><h1 style=\"text-align: center;\">Offene Ganztagsschule<\/h1>\n<\/div><\/section><br \/>\n<div   class='hr hr-default   avia-builder-el-5  el_after_av_textblock  el_before_av_textblock '><span class='hr-inner ' ><span class='hr-inner-style'><\/span><\/span><\/div><br \/>\n<section class=\"av_textblock_section \"  itemscope=\"itemscope\" itemtype=\"https:\/\/schema.org\/CreativeWork\" ><div class='avia_textblock  '  style='font-size:16px; '  itemprop=\"text\" ><p>Unsere Schule ist eine offene Ganztagsschule mit zurzeit 163 Sch\u00fclerinnen und Sch\u00fclern. Das bedeutet, dass Sie Ihr Kind f\u00fcr den Nachmittag anmelden k\u00f6nnen (die Teilnahme ist freiwillig). Dabei k\u00f6nnen Sie von einem bis zu allen vier Tagen (Montag bis Donnerstag) w\u00e4hlen. Das Einzugsgebiet ist l\u00e4ndlich gepr\u00e4gt und umfasst die D\u00f6rfer Loppersum, Suurhusen, Canhusen, Osterhusen, Hinte-Haskamp und Abbingwehr. Die Kinder aus Loppersum k\u00f6nnen die Schule zu Fu\u00df erreichen. F\u00fcr die anderen Ortsteile gibt es eine Busverbindung, einige Sch\u00fcler werden mit dem Taxi gebracht. Die Schule hat eine Schulordnung und jede Klasse hat eine Klassenordnung, die individuell gestaltet wird.<\/p>\n<h3>Der Nachmittag<\/h3>\n<p>Die An- oder Abmeldung kann immer zum Halbjahr durchgef\u00fchrt werden. Ihr Kind bekommt dann nach der Schulzeit ein warmes Mittagessen und geht nach einer Pause in die betreute Hausaufgabenzeit (in dieser werden die Kinder von Lehrerinnnen und p\u00e4dagogischen Mitarbeiterinnen betreut). An den Tagen Montag und Mittwoch endet nach dieser Zeit die Schule (14.30 Uhr). An den Tagen Dienstag und Donnerstag findet anschlie\u00dfend eine AG statt. Diese wird von Ihren Kindern gew\u00e4hlt und endet um 15.30 Uhr. Wir bieten wechselnde Ags in den Bereichen Sport, Spiel, Garten, Kreativit\u00e4t, Theater, Plattdeutsch, Tanz, Kunst oder Musik an.<\/p>\n<\/div><\/section><\/p><\/div>\n<div class=\"flex_column av_one_half  av-animated-generic fade-in  flex_column_div av-zero-column-padding first  avia-builder-el-7  el_after_av_one_full  el_before_av_one_half  column-top-margin\" style='border-radius:0px; '><section class=\"av_textblock_section \"  itemscope=\"itemscope\" itemtype=\"https:\/\/schema.org\/CreativeWork\" ><div class='avia_textblock   av-medium-font-size-overwrite av-medium-font-size-20 av-small-font-size-overwrite av-small-font-size-20 av-mini-font-size-overwrite av-mini-font-size-20'   itemprop=\"text\" ><h1 style=\"text-align: left;\"><strong>Wer besucht uns ?<\/strong><\/h1>\n<\/div><\/section><br \/>\n<div   class='hr hr-default   avia-builder-el-9  el_after_av_textblock  el_before_av_textblock '><span class='hr-inner ' ><span class='hr-inner-style'><\/span><\/span><\/div><br \/>\n<section class=\"av_textblock_section \"  itemscope=\"itemscope\" itemtype=\"https:\/\/schema.org\/CreativeWork\" ><div class='avia_textblock  '  style='font-size:16px; '  itemprop=\"text\" ><p style=\"text-align: left;\">Die Kinderg\u00e4rten, die die Sch\u00fclerinnen und Sch\u00fcler vorher haupts\u00e4chlich besuchen, sind:<\/p>\n<p style=\"text-align: left;\">&#8211; Kindertagesst\u00e4tte Hummelburg in Loppersum<br \/>\n&#8211; Kindertagesst\u00e4tte Hinte<br \/>\n&#8211; Kindertagesst\u00e4tte \u201ekleine Abenteurer\u201c in Osterhusen<br \/>\n&#8211; Kindergarten Kinnerh\u00f6rn in Suurhusen<\/p>\n<\/div><\/section><\/p><\/div>\n<div class=\"flex_column av_one_half  av-animated-generic fade-in  flex_column_div av-zero-column-padding   avia-builder-el-11  el_after_av_one_half  el_before_av_section  avia-builder-el-last  column-top-margin\" style='border-radius:0px; '><section class=\"av_textblock_section \"  itemscope=\"itemscope\" itemtype=\"https:\/\/schema.org\/CreativeWork\" ><div class='avia_textblock  '   itemprop=\"text\" ><h1 style=\"text-align: left;\"><strong>Wie geht die Reise weiter ?<\/strong><\/h1>\n<\/div><\/section><br \/>\n<div   class='hr hr-default   avia-builder-el-13  el_after_av_textblock  el_before_av_textblock '><span class='hr-inner ' ><span class='hr-inner-style'><\/span><\/span><\/div><br \/>\n<section class=\"av_textblock_section \"  itemscope=\"itemscope\" itemtype=\"https:\/\/schema.org\/CreativeWork\" ><div class='avia_textblock  '  style='font-size:16px; '  itemprop=\"text\" ><p style=\"text-align: left;\">Die nach der Grundschulzeit h\u00e4ufig besuchten Schulen sind:<\/p>\n<p style=\"text-align: left;\">&#8211; Max-Windm\u00fcller-Gymnasium in Emden<br \/>\n&#8211; Johannes-Althusius-Gymnasium in Emden<br \/>\n&#8211; IGS Hinte\/Krummh\u00f6rn<\/p>\n<\/div><\/section><\/p><\/div>\n<\/div><\/div><\/div><!-- close content main div --><\/div><\/div><div id='zeitlicherablauf'  class='avia-section main_color avia-section-huge avia-no-border-styling  av-parallax-section av-section-color-overlay-active avia-bg-style-parallax  avia-builder-el-15  el_after_av_one_half  el_before_av_one_full   container_wrap fullsize' style=' '  data-section-bg-repeat='no-repeat'><div class='av-parallax' data-avia-parallax-ratio='0.3' ><div class='av-parallax-inner main_color  avia-full-stretch' style = 'background-repeat: no-repeat; background-image: url(https:\/\/grundschule-loppersum.de\/wp-content\/uploads\/2020\/04\/hintergrund-regelplakat-nr-6-scaled.jpg);background-attachment: scroll; background-position: top left; ' ><\/div><\/div><div class='av-section-color-overlay-wrap'><div class='av-section-color-overlay' style='opacity: 0.6; background-color: #000000; '><\/div><div class='container' ><div class='template-page content  av-content-full alpha units'><div class='post-entry post-entry-type-page post-entry-5035'><div class='entry-content-wrapper clearfix'><\/div><\/div><\/div><!-- close content main div --><\/div><\/div><\/div><div id='after_section_1'  class='main_color av_default_container_wrap container_wrap fullsize' style=' '  ><div class='container' ><div class='template-page content  av-content-full alpha units'><div class='post-entry post-entry-type-page post-entry-5035'><div class='entry-content-wrapper clearfix'>\n<div class=\"flex_column av_one_full  av-animated-generic pop-up  flex_column_div av-zero-column-padding first  avia-builder-el-16  el_after_av_section  avia-builder-el-no-sibling  \" style='border-radius:0px; ' id=\"ueberuns\" ><p><div  id=\"zeiticherablauf\"  style='padding-bottom:10px; font-size:3vw;' class='av-special-heading av-special-heading-h1 meta-heading blockquote elegant-quote elegant-centered  avia-builder-el-17  el_before_av_timeline  avia-builder-el-first  av-inherit-size '><h1 class='av-special-heading-tag  av-medium-font-size-overwrite av-medium-font-size-25 av-small-font-size-overwrite av-small-font-size-25 av-mini-font-size-overwrite av-mini-font-size-25'  itemprop=\"headline\"  ><span class=\"heading-wrap\">Zeitlicher Ablauf<\/span><\/h1><div class='special-heading-border'><div class='special-heading-inner-border' ><\/div><\/div><\/div><br \/>\n<div  id=\"avia-timeline-1\"  class='avia-timeline-container avia-slideshow-carousel   avia-builder-el-18  el_after_av_heading  avia-builder-el-last ' avia-data-slides='4'><ul class='avia-timeline avia-timeline-horizontal av-milestone-placement-top avia-timeline- avia_animate_when_almost_visible avia-timeline-animate'>\n<li  class='av-milestone av-animated-generic fade-in av-milestone-odd  '><h2 class='av-milestone-date  '  id='milestone-730-745'><strong>7:30 - 7:45<span class='av-milestone-indicator'><\/span><\/strong><\/h2><div class=\"av-milestone-icon-wrap\"><span class='milestone_icon avia-font-entypo-fontello' ><span class='milestone_inner' ><i class='milestone-char' aria-hidden='true' data-av_icon='\ue871' data-av_iconfont='entypo-fontello'><\/i><\/span><\/span><\/div><article class='av-milestone-content-wrap'><div class='av-milestone-contentbox' ><header class=\"entry-content-header\"><h4  class=' '>Offener Anfang<\/h4><\/header><div class='av-milestone-content' ><\/div><\/div><footer  class='entry-footer'><\/footer><\/article><\/li>\n<li  class='av-milestone av-animated-generic fade-in av-milestone-even  '><h2 class='av-milestone-date  '  id='milestone-745-830'><strong>7:45 - 8:30<span class='av-milestone-indicator'><\/span><\/strong><\/h2><div class=\"av-milestone-icon-wrap\"><span class='milestone_icon avia-font-entypo-fontello' ><span class='milestone_inner' ><i class='milestone-char' aria-hidden='true' data-av_icon='\ue871' data-av_iconfont='entypo-fontello'><\/i><\/span><\/span><\/div><article class='av-milestone-content-wrap'><div class='av-milestone-contentbox' ><header class=\"entry-content-header\"><h4  class=' '>1. Stunde<\/h4><\/header><div class='av-milestone-content' ><\/div><\/div><footer  class='entry-footer'><\/footer><\/article><\/li>\n<li  class='av-milestone av-animated-generic fade-in av-milestone-odd  '><h2 class='av-milestone-date  '  id='milestone-830-840'><strong>8:30 - 8:40<span class='av-milestone-indicator'><\/span><\/strong><\/h2><div class=\"av-milestone-icon-wrap\"><span class='milestone_icon avia-font-entypo-fontello' ><span class='milestone_inner' ><i class='milestone-char' aria-hidden='true' data-av_icon='\ue85e' data-av_iconfont='entypo-fontello'><\/i><\/span><\/span><\/div><article class='av-milestone-content-wrap'><div class='av-milestone-contentbox' ><header class=\"entry-content-header\"><h4  class=' '>1. Hofpause<\/h4><\/header><div class='av-milestone-content' ><\/div><\/div><footer  class='entry-footer'><\/footer><\/article><\/li>\n<li  class='av-milestone av-animated-generic fade-in av-milestone-even  '><h2 class='av-milestone-date  '  id='milestone-840-925'><strong>8:40 - 9:25<span class='av-milestone-indicator'><\/span><\/strong><\/h2><div class=\"av-milestone-icon-wrap\"><span class='milestone_icon avia-font-entypo-fontello' ><span class='milestone_inner' ><i class='milestone-char' aria-hidden='true' data-av_icon='\ue800' data-av_iconfont='entypo-fontello'><\/i><\/span><\/span><\/div><article class='av-milestone-content-wrap'><div class='av-milestone-contentbox' ><header class=\"entry-content-header\"><h4  class=' '>2. Stunde<\/h4><\/header><div class='av-milestone-content' ><\/div><\/div><footer  class='entry-footer'><\/footer><\/article><\/li>\n<li  class='av-milestone av-animated-generic fade-in av-milestone-odd  '><h2 class='av-milestone-date  '  id='milestone-925-935'><strong>9:25-9:35<span class='av-milestone-indicator'><\/span><\/strong><\/h2><div class=\"av-milestone-icon-wrap\"><span class='milestone_icon avia-font-entypo-fontello' ><span class='milestone_inner' ><i class='milestone-char' aria-hidden='true' data-av_icon='\ue800' data-av_iconfont='entypo-fontello'><\/i><\/span><\/span><\/div><article class='av-milestone-content-wrap'><div class='av-milestone-contentbox' ><header class=\"entry-content-header\"><h4  class=' '>Fr\u00fchst\u00fcck im Klassenverband<\/h4><\/header><div class='av-milestone-content' ><p>Hier Fr\u00fchst\u00fccken die Klassenlehrer mit Ihren Sch\u00fclern\/innen gemeinsam, um im Anschluss wieder gest\u00e4rkt in den Unterricht starten zu k\u00f6nnen.<\/p>\n<\/div><\/div><footer  class='entry-footer'><\/footer><\/article><\/li>\n<li  class='av-milestone av-animated-generic fade-in av-milestone-even  '><h2 class='av-milestone-date  '  id='milestone-935-955'><strong>9:35 - 9:55<span class='av-milestone-indicator'><\/span><\/strong><\/h2><div class=\"av-milestone-icon-wrap\"><span class='milestone_icon avia-font-entypo-fontello' ><span class='milestone_inner' ><i class='milestone-char' aria-hidden='true' data-av_icon='\ue800' data-av_iconfont='entypo-fontello'><\/i><\/span><\/span><\/div><article class='av-milestone-content-wrap'><div class='av-milestone-contentbox' ><header class=\"entry-content-header\"><h4  class=' '>2. Hofpause<\/h4><\/header><div class='av-milestone-content' ><\/div><\/div><footer  class='entry-footer'><\/footer><\/article><\/li>\n<li  class='av-milestone av-animated-generic fade-in av-milestone-odd  '><h2 class='av-milestone-date  '  id='milestone-955-1040'><strong>9:55 - 10:40<span class='av-milestone-indicator'><\/span><\/strong><\/h2><div class=\"av-milestone-icon-wrap\"><span class='milestone_icon avia-font-entypo-fontello' ><span class='milestone_inner' ><i class='milestone-char' aria-hidden='true' data-av_icon='\ue800' data-av_iconfont='entypo-fontello'><\/i><\/span><\/span><\/div><article class='av-milestone-content-wrap'><div class='av-milestone-contentbox' ><header class=\"entry-content-header\"><h4  class=' '>3. Stunde<\/h4><\/header><div class='av-milestone-content' ><\/div><\/div><footer  class='entry-footer'><\/footer><\/article><\/li>\n<li  class='av-milestone av-animated-generic fade-in av-milestone-even  '><h2 class='av-milestone-date  '  id='milestone-1040-1055'><strong>10:40 - 10:55<span class='av-milestone-indicator'><\/span><\/strong><\/h2><div class=\"av-milestone-icon-wrap\"><span class='milestone_icon avia-font-entypo-fontello' ><span class='milestone_inner' ><i class='milestone-char' aria-hidden='true' data-av_icon='\ue800' data-av_iconfont='entypo-fontello'><\/i><\/span><\/span><\/div><article class='av-milestone-content-wrap'><div class='av-milestone-contentbox' ><header class=\"entry-content-header\"><h4  class=' '>3. Hofpause<\/h4><\/header><div class='av-milestone-content' ><\/div><\/div><footer  class='entry-footer'><\/footer><\/article><\/li>\n<li  class='av-milestone av-animated-generic fade-in av-milestone-odd  '><h2 class='av-milestone-date  '  id='milestone-1055-1140'><strong>10:55 - 11:40<span class='av-milestone-indicator'><\/span><\/strong><\/h2><div class=\"av-milestone-icon-wrap\"><span class='milestone_icon avia-font-entypo-fontello' ><span class='milestone_inner' ><i class='milestone-char' aria-hidden='true' data-av_icon='\ue800' data-av_iconfont='entypo-fontello'><\/i><\/span><\/span><\/div><article class='av-milestone-content-wrap'><div class='av-milestone-contentbox' ><header class=\"entry-content-header\"><h4  class=' '>4. Stunde<\/h4><\/header><div class='av-milestone-content' ><\/div><\/div><footer  class='entry-footer'><\/footer><\/article><\/li>\n<li  class='av-milestone av-animated-generic fade-in av-milestone-even  '><h2 class='av-milestone-date  '  id='milestone-1140-1150'><strong>11:40 - 11:50<span class='av-milestone-indicator'><\/span><\/strong><\/h2><div class=\"av-milestone-icon-wrap\"><span class='milestone_icon avia-font-entypo-fontello' ><span class='milestone_inner' ><i class='milestone-char' aria-hidden='true' data-av_icon='\ue800' data-av_iconfont='entypo-fontello'><\/i><\/span><\/span><\/div><article class='av-milestone-content-wrap'><div class='av-milestone-contentbox' ><header class=\"entry-content-header\"><h4  class=' '>4. Hofpause<\/h4><\/header><div class='av-milestone-content' ><\/div><\/div><footer  class='entry-footer'><\/footer><\/article><\/li>\n<li  class='av-milestone av-animated-generic fade-in av-milestone-odd  '><h2 class='av-milestone-date  '  id='milestone-1150-1235'><strong>11:50 - 12:35<span class='av-milestone-indicator'><\/span><\/strong><\/h2><div class=\"av-milestone-icon-wrap\"><span class='milestone_icon avia-font-entypo-fontello' ><span class='milestone_inner' ><i class='milestone-char' aria-hidden='true' data-av_icon='\ue800' data-av_iconfont='entypo-fontello'><\/i><\/span><\/span><\/div><article class='av-milestone-content-wrap'><div class='av-milestone-contentbox' ><header class=\"entry-content-header\"><h4  class=' '>5. Unterrichtsstunde <\/h4><\/header><div class='av-milestone-content' ><p>F\u00fcr die Klassen\u00a0 3\/4 geht der Unterricht weiter. F\u00fcr die Klassen 1\/2 ist ab diesem Zeitpunkt Schluss. Es gib jedoch die M\u00f6glichkeit der Betreuung.<\/p>\n<\/div><\/div><footer  class='entry-footer'><\/footer><\/article><\/li>\n<li  class='av-milestone av-animated-generic fade-in av-milestone-even  '><h2 class='av-milestone-date  '  id='milestone-1250-1330'><strong>12:50 - 13:30<span class='av-milestone-indicator'><\/span><\/strong><\/h2><div class=\"av-milestone-icon-wrap\"><span class='milestone_icon avia-font-entypo-fontello' ><span class='milestone_inner' ><i class='milestone-char' aria-hidden='true' data-av_icon='\ue800' data-av_iconfont='entypo-fontello'><\/i><\/span><\/span><\/div><article class='av-milestone-content-wrap'><div class='av-milestone-contentbox' ><header class=\"entry-content-header\"><h4  class=' '>Mittagessen<\/h4><\/header><div class='av-milestone-content' ><p>In dieser Zeit k\u00f6nnen die Sch\u00fcler\/innen gemeinsam in der Mensa essen.<\/p>\n<\/div><\/div><footer  class='entry-footer'><\/footer><\/article><\/li>\n<li  class='av-milestone av-animated-generic fade-in av-milestone-odd  '><h2 class='av-milestone-date  '  id='milestone-1330-1430'><strong>13:30 - 14:30<span class='av-milestone-indicator'><\/span><\/strong><\/h2><div class=\"av-milestone-icon-wrap\"><span class='milestone_icon avia-font-entypo-fontello' ><span class='milestone_inner' ><i class='milestone-char' aria-hidden='true' data-av_icon='\ue800' data-av_iconfont='entypo-fontello'><\/i><\/span><\/span><\/div><article class='av-milestone-content-wrap'><div class='av-milestone-contentbox' ><header class=\"entry-content-header\"><h4  class=' '>Hausaufgabenbetreuung <\/h4><\/header><div class='av-milestone-content' ><p>M\u00f6glichkeit ihres Kindes die Hausaufgabenbetreuung zu besuchen. Ebenfalls wird in diesem Zeitraum F\u00f6rderunterricht stattfinden. Diese Termine stehen Ihnen immer am Mo., Di., Mi., und Do zur Verf\u00fcgung.<\/p>\n<\/div><\/div><footer  class='entry-footer'><\/footer><\/article><\/li>\n<li  class='av-milestone av-animated-generic fade-in av-milestone-even  '><h2 class='av-milestone-date  '  id='milestone-1430-1530'><strong>14:30 - 15:30<span class='av-milestone-indicator'><\/span><\/strong><\/h2><div class=\"av-milestone-icon-wrap\"><span class='milestone_icon avia-font-entypo-fontello' ><span class='milestone_inner' ><i class='milestone-char' aria-hidden='true' data-av_icon='\ue800' data-av_iconfont='entypo-fontello'><\/i><\/span><\/span><\/div><article class='av-milestone-content-wrap'><div class='av-milestone-contentbox' ><header class=\"entry-content-header\"><h4  class=' '>Arbeitsgemeinschaften (Di, Do)<\/h4><\/header><div class='av-milestone-content' ><p>Diese Arbeitsgemeinschaften finden immer am Di. und Do. statt.<\/p>\n<\/div><\/div><footer  class='entry-footer'><\/footer><\/article><\/li>\n<\/ul><div class='av-timeline-nav '><a href='#prev' class='prev-slide av-timeline-nav-prev'><span aria-hidden='true' data-av_icon='\ue87c' data-av_iconfont='entypo-fontello'>Zur\u00fcck<\/span><\/a><a href='#next' class='next-slide av-timeline-nav-next'><span aria-hidden='true' data-av_icon='\ue87d' data-av_iconfont='entypo-fontello'>Weiter<\/span><\/a><\/div><\/div><\/p><\/div>\n","protected":false},"excerpt":{"rendered":"","protected":false},"author":1,"featured_media":0,"parent":0,"menu_order":0,"comment_status":"closed","ping_status":"closed","template":"","meta":{"footnotes":""},"class_list":["post-5035","page","type-page","status-publish","hentry"],"_links":{"self":[{"href":"https:\/\/grundschule-loppersum.de\/index.php?rest_route=\/wp\/v2\/pages\/5035","targetHints":{"allow":["GET"]}}],"collection":[{"href":"https:\/\/grundschule-loppersum.de\/index.php?rest_route=\/wp\/v2\/pages"}],"about":[{"href":"https:\/\/grundschule-loppersum.de\/index.php?rest_route=\/wp\/v2\/types\/page"}],"author":[{"embeddable":true,"href":"https:\/\/grundschule-loppersum.de\/index.php?rest_route=\/wp\/v2\/users\/1"}],"replies":[{"embeddable":true,"href":"https:\/\/grundschule-loppersum.de\/index.php?rest_route=%2Fwp%2Fv2%2Fcomments&post=5035"}],"version-history":[{"count":129,"href":"https:\/\/grundschule-loppersum.de\/index.php?rest_route=\/wp\/v2\/pages\/5035\/revisions"}],"predecessor-version":[{"id":6743,"href":"https:\/\/grundschule-loppersum.de\/index.php?rest_route=\/wp\/v2\/pages\/5035\/revisions\/6743"}],"wp:attachment":[{"href":"https:\/\/grundschule-loppersum.de\/index.php?rest_route=%2Fwp%2Fv2%2Fmedia&parent=5035"}],"curies":[{"name":"wp","href":"https:\/\/api.w.org\/{rel}","templated":true}]}}