{"id":5865,"date":"2020-08-26T20:58:28","date_gmt":"2020-08-26T20:58:28","guid":{"rendered":"http:\/\/grundschule-loppersum.de\/?page_id=5865"},"modified":"2026-04-07T09:25:43","modified_gmt":"2026-04-07T09:25:43","slug":"team","status":"publish","type":"page","link":"https:\/\/grundschule-loppersum.de\/?page_id=5865","title":{"rendered":"Team"},"content":{"rendered":"<div id='layer_slider_1'  class='avia-layerslider main_color avia-shadow  avia-builder-el-0  el_before_av_one_full  avia-builder-el-first  container_wrap fullsize' style='  height: 251px; max-width: 1280px; margin: 0 auto;' ><\/div><div id='after_layer_slider_1'  class='main_color av_default_container_wrap container_wrap fullsize' style=' '  ><div class='container' ><div class='template-page content  av-content-full alpha units'><div class='post-entry post-entry-type-page post-entry-5865'><div class='entry-content-wrapper clearfix'>\n<div class=\"flex_column av_one_full  av-animated-generic pop-up  flex_column_div av-zero-column-padding first  avia-builder-el-1  el_after_av_layerslider  avia-builder-el-no-sibling  \" style='border-radius:0px; '><section class=\"av_textblock_section \"  itemscope=\"itemscope\" itemtype=\"https:\/\/schema.org\/CreativeWork\" ><div class='avia_textblock  '   itemprop=\"text\" ><h3><strong>Schulleitung<\/strong><\/h3>\n<p>Nicola Br\u00fcggemann<\/p>\n<h3><strong>Sekretariat<\/strong><\/h3>\n<p>Ina Schleifer<\/p>\n<h3><strong>Kollegium<br \/>\n<\/strong><\/h3>\n<p>Lea Bunten, Steffen Bontjer, Annika Ga\u00dfner, Hanna Gloger, Katrin Janssen, Inka Radomski, Martina R\u00f6ben, Edda W\u00e4cken, Tebbe Garrelts, Miriam Colmsee, Lena Otten<\/p>\n<h3><strong>P\u00e4dagogische Mitarbeiterinnen<\/strong><\/h3>\n<p>Diana Klaassen, Sandra Nanninga, Helen Reiter, Sabine ten Hove, Sandra Pradel<\/p>\n<h3>Schulbegleiterinnen<\/h3>\n<p>Sarah Kamm, Petra Siebels, Monika Richter, Sarah Katins, Claudia Andersson, Hella Grewer<\/p>\n<h3><strong>Mitarbeiterinnen in der K\u00fcche<\/strong><\/h3>\n<p>Gisela Zuberi, Gerda Pots<\/p>\n<h3><strong>Mitarbeiter im Bundesfreiwilligendienst<\/strong><\/h3>\n<p>Bastian Lange<\/p>\n<h3><strong>Hausmeister<\/strong><\/h3>\n<p>G\u00fcnther Behrends<\/p>\n<\/div><\/section><\/div>\n","protected":false},"excerpt":{"rendered":"","protected":false},"author":1,"featured_media":0,"parent":0,"menu_order":0,"comment_status":"closed","ping_status":"closed","template":"","meta":{"footnotes":""},"class_list":["post-5865","page","type-page","status-publish","hentry"],"_links":{"self":[{"href":"https:\/\/grundschule-loppersum.de\/index.php?rest_route=\/wp\/v2\/pages\/5865","targetHints":{"allow":["GET"]}}],"collection":[{"href":"https:\/\/grundschule-loppersum.de\/index.php?rest_route=\/wp\/v2\/pages"}],"about":[{"href":"https:\/\/grundschule-loppersum.de\/index.php?rest_route=\/wp\/v2\/types\/page"}],"author":[{"embeddable":true,"href":"https:\/\/grundschule-loppersum.de\/index.php?rest_route=\/wp\/v2\/users\/1"}],"replies":[{"embeddable":true,"href":"https:\/\/grundschule-loppersum.de\/index.php?rest_route=%2Fwp%2Fv2%2Fcomments&post=5865"}],"version-history":[{"count":38,"href":"https:\/\/grundschule-loppersum.de\/index.php?rest_route=\/wp\/v2\/pages\/5865\/revisions"}],"predecessor-version":[{"id":7150,"href":"https:\/\/grundschule-loppersum.de\/index.php?rest_route=\/wp\/v2\/pages\/5865\/revisions\/7150"}],"wp:attachment":[{"href":"https:\/\/grundschule-loppersum.de\/index.php?rest_route=%2Fwp%2Fv2%2Fmedia&parent=5865"}],"curies":[{"name":"wp","href":"https:\/\/api.w.org\/{rel}","templated":true}]}}